{"id":26,"date":"2025-12-22T10:27:22","date_gmt":"2025-12-22T10:27:22","guid":{"rendered":"https:\/\/ps99.vin\/?page_id=26"},"modified":"2025-12-23T02:52:10","modified_gmt":"2025-12-23T02:52:10","slug":"trang-chu","status":"publish","type":"page","link":"https:\/\/ps99.vin\/","title":{"rendered":"Trang ch\u1ee7"},"content":{"rendered":"\t<div class=\"img has-hover x md-x lg-x y md-y lg-y\" id=\"image_905222462\">\n\t\t<a class=\"\" href=\"https:\/\/ps99.vin\/qc\/1\" target=\"_blank\" rel=\"noopener\" >\t\t\t\t\t\t<div class=\"img-inner dark\" >\n\t\t\t<img loading=\"lazy\" decoding=\"async\" width=\"1536\" height=\"480\" src=\"https:\/\/ps99.vin\/wp-content\/uploads\/2025\/12\/ps99-sanchoi.webp\" class=\"attachment-original size-original\" alt=\"ps99\" srcset=\"https:\/\/ps99.vin\/wp-content\/uploads\/2025\/12\/ps99-sanchoi.webp 1536w, https:\/\/ps99.vin\/wp-content\/uploads\/2025\/12\/ps99-sanchoi-300x94.webp 300w, https:\/\/ps99.vin\/wp-content\/uploads\/2025\/12\/ps99-sanchoi-1024x320.webp 1024w, https:\/\/ps99.vin\/wp-content\/uploads\/2025\/12\/ps99-sanchoi-768x240.webp 768w\" sizes=\"auto, (max-width: 1536px) 100vw, 1536px\" \/>\t\t\t\t\t\t\n\t\t\t\t\t<\/div>\n\t\t\t\t\t\t<\/a>\t\t\n<style>\n#image_905222462 {\n  width: 100%;\n}\n<\/style>\n\t<\/div>\n\t\n<div class=\"row\"  id=\"row-1711480612\">\n\n\t<div id=\"col-1119383705\" class=\"col small-12 large-12\"  >\n\t\t\t\t<div class=\"col-inner\"  >\n\t\t\t\n\t\t\t\n\t<div id=\"text-1190532061\" class=\"text\">\n\t\t\n<h1 style=\"text-align: center;\"><strong><span style=\"font-family: verdana, geneva, sans-serif; color: #00aae7;\"><a style=\"color: #00aae7;\" href=\"https:\/\/okvipau.com\/\" target=\"_blank\" rel=\"noopener\">PS99<\/a> | Trang Ch\u1ee7 Uy T\u00edn PS99.COM &#8211; \u01afu \u0110\u00e3i +100k Th\u01b0\u1edfng N\u1ea1p \u0110\u1ea7u<\/span><\/strong><\/h1>\n<p><span style=\"font-family: verdana, geneva, sans-serif;\"><a href=\"https:\/\/ps99.vin\/\"><span style=\"color: #00aae7;\"><strong>PS99<\/strong><\/span>\u00a0<\/a>l\u00e0 s\u00e2n ch\u01a1i c\u00e1 c\u01b0\u1ee3c h\u00e0ng \u0111\u1ea7u cu\u1ed1i n\u0103m 2025, cung c\u1ea5p c\u00e1c tr\u00f2 ch\u01a1i \u0111\u1ec9nh cao v\u1edbi nhi\u1ec1u phi\u00ean b\u1ea3n m\u1edbi. \u0110\u1ec3 c\u00f3 th\u00eam nh\u1eefng tr\u1ea3i nghi\u1ec7m th\u00fa v\u1ecb khi tham gia c\u00e1 c\u01b0\u1ee3c, c\u00f9ng t\u00ecm hi\u1ec3u c\u00e1ch s\u1eed d\u1ee5ng d\u1ecbch v\u1ee5 v\u00e0 c\u1eadp nh\u1eadt ngay link m\u1edbi nh\u1ea5t \u0111\u1ec3 kh\u00f4ng b\u1ecf l\u1ee1 c\u01a1 h\u1ed9i tham gia v\u00e0o n\u1ec1n t\u1ea3ng c\u00e1 c\u01b0\u1ee3c an to\u00e0n, c\u00f4ng b\u1eb1ng v\u00e0 th\u00fa v\u1ecb.<\/span><\/p>\n<h2><span style=\"font-family: verdana, geneva, sans-serif; color: #00aae7;\"><strong>\u0110i\u1ec3m m\u1ea1nh v\u01b0\u1ee3t tr\u1ed9i c\u1ee7a PS99<\/strong><\/span><\/h2>\n<ul>\n<li aria-level=\"1\"><span style=\"font-family: verdana, geneva, sans-serif;\"><b>Uy t\u00edn h\u00e0ng \u0111\u1ea7u:<\/b> PS99 ho\u1ea1t \u0111\u1ed9ng minh b\u1ea1ch, b\u1ea3o m\u1eadt cao, \u0111\u1ea3m b\u1ea3o quy\u1ec1n l\u1ee3i t\u1ed1i \u0111a cho ng\u01b0\u1eddi ch\u01a1i.<\/span><\/li>\n<li aria-level=\"1\"><span style=\"font-family: verdana, geneva, sans-serif;\"><b>C\u00f4ng ngh\u1ec7 ti\u00ean ti\u1ebfn:<\/b>\u00a0H\u1ec7 th\u1ed1ng hi\u1ec7n \u0111\u1ea1i, giao d\u1ecbch si\u00eau nhanh, t\u1ed1i \u01b0u m\u1ecdi thao t\u00e1c, t\u1eeb n\u1ea1p r\u00fat \u0111\u1ebfn \u0111\u1eb7t c\u01b0\u1ee3c.<\/span><\/li>\n<li aria-level=\"1\"><span style=\"font-family: verdana, geneva, sans-serif;\"><b>Tr\u1ea3i nghi\u1ec7m m\u01b0\u1ee3t m\u00e0:<\/b>\u00a0Giao di\u1ec7n th\u00e2n thi\u1ec7n, m\u1ecdi thi\u1ebft b\u1ecb \u0111\u1ec1u t\u01b0\u01a1ng th\u00edch, t\u1ed1c \u0111\u1ed9 load nhanh, thao t\u00e1c li\u1ec1n m\u1ea1ch.<\/span><\/li>\n<li aria-level=\"1\"><span style=\"font-family: verdana, geneva, sans-serif;\"><b>H\u1ed7 tr\u1ee3 24\/7:<\/b>\u00a0\u0110\u1ed9i ng\u0169 chuy\u00ean nghi\u1ec7p lu\u00f4n s\u1eb5n s\u00e0ng gi\u1ea3i \u0111\u00e1p m\u1ecdi th\u1eafc m\u1eafc, gi\u00fap ng\u01b0\u1eddi ch\u01a1i y\u00ean t\u00e2m v\u00e0 t\u1eadp trung tr\u1ea3i nghi\u1ec7m.<\/span><\/li>\n<li aria-level=\"1\"><span style=\"font-family: verdana, geneva, sans-serif;\"><b>\u0110a d\u1ea1ng t\u00f9y ch\u1ecdn:<\/b>\u00a0N\u1ec1n t\u1ea3ng t\u1ed1i \u01b0u cho nhi\u1ec1u lo\u1ea1i h\u00ecnh c\u00e1 c\u01b0\u1ee3c, \u0111\u1ea3m b\u1ea3o ng\u01b0\u1eddi ch\u01a1i lu\u00f4n c\u00f3 l\u1ef1a ch\u1ecdn ph\u00f9 h\u1ee3p v\u00e0 thu\u1eadn ti\u1ec7n.<\/span><\/li>\n<\/ul>\n<h2><span style=\"font-family: verdana, geneva, sans-serif; color: #00aae7;\"><strong>T\u1ed1i \u01b0u tr\u1ea3i nghi\u1ec7m ng\u01b0\u1eddi ch\u01a1i<\/strong><\/span><\/h2>\n<p><span style=\"font-family: verdana, geneva, sans-serif;\">PS99 kh\u00f4ng ch\u1ec9 l\u00e0 nh\u00e0 c\u00e1i, m\u00e0 l\u00e0 <b>n\u1ec1n t\u1ea3ng \u0111\u01b0\u1ee3c thi\u1ebft k\u1ebf \u0111\u1ec3 t\u1ed1i \u01b0u tr\u1ea3i nghi\u1ec7m t\u1eeb \u0111\u1ea7u \u0111\u1ebfn cu\u1ed1i<\/b>. M\u1ecdi chi ti\u1ebft \u2013 t\u1eeb giao di\u1ec7n, t\u1ed1c \u0111\u1ed9 x\u1eed l\u00fd, b\u1ea3o m\u1eadt, cho \u0111\u1ebfn h\u1ed7 tr\u1ee3 kh\u00e1ch h\u00e0ng \u2013 \u0111\u1ec1u \u0111\u01b0\u1ee3c tinh ch\u1ec9nh \u0111\u1ec3 mang \u0111\u1ebfn\u00a0<b>s\u1ef1 ti\u1ec7n l\u1ee3i, an to\u00e0n v\u00e0 nhanh ch\u00f3ng<\/b>.<\/span><\/p>\n<ul>\n<li aria-level=\"1\"><span style=\"font-family: verdana, geneva, sans-serif;\"><b>T\u1ed1c \u0111\u1ed9 v\u01b0\u1ee3t tr\u1ed9i:<\/b>\u00a0M\u1ecdi thao t\u00e1c \u0111\u1ec1u th\u1ef1c hi\u1ec7n t\u1ee9c th\u00ec, kh\u00f4ng m\u1ea5t th\u1eddi gian ch\u1edd \u0111\u1ee3i.<\/span><\/li>\n<li aria-level=\"1\"><span style=\"font-family: verdana, geneva, sans-serif;\"><b>B\u1ea3o m\u1eadt t\u1ed1i \u0111a:<\/b>\u00a0D\u1eef li\u1ec7u v\u00e0 giao d\u1ecbch \u0111\u01b0\u1ee3c m\u00e3 h\u00f3a, \u0111\u1ea3m b\u1ea3o an to\u00e0n tuy\u1ec7t \u0111\u1ed1i.<\/span><\/li>\n<li aria-level=\"1\"><span style=\"font-family: verdana, geneva, sans-serif;\"><b>Giao di\u1ec7n tr\u1ef1c quan:<\/b>\u00a0M\u1ecdi thao t\u00e1c \u0111\u01a1n gi\u1ea3n, d\u1ec5 d\u00e0ng, ngay c\u1ea3 v\u1edbi ng\u01b0\u1eddi m\u1edbi.<\/span><\/li>\n<li aria-level=\"1\"><span style=\"font-family: verdana, geneva, sans-serif;\"><b>\u0110a n\u1ec1n t\u1ea3ng:<\/b>\u00a0Tr\u1ea3i nghi\u1ec7m m\u01b0\u1ee3t m\u00e0 tr\u00ean \u0111i\u1ec7n tho\u1ea1i, m\u00e1y t\u00ednh, tablet.<\/span><\/li>\n<\/ul>\n<h2><span style=\"font-family: verdana, geneva, sans-serif; color: #00aae7;\"><strong>PS99 \u2013 \u0110i\u1ec3m \u0111\u1ebfn l\u00fd t\u01b0\u1edfng cho ng\u01b0\u1eddi ch\u01a1i th\u00f4ng minh<\/strong><\/span><\/h2>\n<p><span style=\"font-family: verdana, geneva, sans-serif;\">Khi \u0111\u1eb7t ch\u00e2n \u0111\u1ebfn PS99, m\u1ed7i th\u00e0nh vi\u00ean \u0111\u1ec1u \u0111\u01b0\u1ee3c <b>t\u1eadn h\u01b0\u1edfng tr\u1ea3i nghi\u1ec7m t\u1ed1i \u01b0u<\/b>, t\u1eeb giao di\u1ec7n, t\u1ed1c \u0111\u1ed9, b\u1ea3o m\u1eadt, \u0111\u1ebfn h\u1ed7 tr\u1ee3 v\u00e0 \u0111a d\u1ea1ng t\u00f9y ch\u1ecdn. \u0110\u00e2y l\u00e0 n\u01a1i\u00a0<b>c\u00e1 c\u01b0\u1ee3c tr\u1edf n\u00ean d\u1ec5 d\u00e0ng, an to\u00e0n v\u00e0 hi\u1ec7u qu\u1ea3<\/b>, gi\u00fap ng\u01b0\u1eddi ch\u01a1i t\u1eadp trung v\u00e0o tr\u1ea3i nghi\u1ec7m m\u00e0 kh\u00f4ng lo gi\u00e1n \u0111o\u1ea1n hay r\u1ee7i ro.<\/span><\/p>\n\t\t\n<style>\n#text-1190532061 {\n  color: rgb(0,0,0);\n}\n#text-1190532061 > * {\n  color: rgb(0,0,0);\n}\n<\/style>\n\t<\/div>\n\t\n<div class=\"row\"  id=\"row-377793160\">\n\n\t<div id=\"col-2013257192\" class=\"col medium-4 small-12 large-4\"  >\n\t\t\t\t<div class=\"col-inner\"  >\n\t\t\t\n\t\t\t\n\t<div class=\"img has-hover x md-x lg-x y md-y lg-y\" id=\"image_1442193436\">\n\t\t<a class=\"\" href=\"https:\/\/ps99.vin\/qc\/2\" target=\"_blank\" rel=\"noopener\">\t\t\t\t\t\t<div class=\"img-inner dark\" >\n\t\t\t<img loading=\"lazy\" decoding=\"async\" width=\"1920\" height=\"600\" src=\"https:\/\/ps99.vin\/wp-content\/uploads\/2025\/12\/ps99-gt.webp\" class=\"attachment-original size-original\" alt=\"PS99\" srcset=\"https:\/\/ps99.vin\/wp-content\/uploads\/2025\/12\/ps99-gt.webp 1920w, https:\/\/ps99.vin\/wp-content\/uploads\/2025\/12\/ps99-gt-300x94.webp 300w, https:\/\/ps99.vin\/wp-content\/uploads\/2025\/12\/ps99-gt-1024x320.webp 1024w, https:\/\/ps99.vin\/wp-content\/uploads\/2025\/12\/ps99-gt-768x240.webp 768w, https:\/\/ps99.vin\/wp-content\/uploads\/2025\/12\/ps99-gt-1536x480.webp 1536w\" sizes=\"auto, (max-width: 1920px) 100vw, 1920px\" \/>\t\t\t\t\t\t\n\t\t\t\t\t<\/div>\n\t\t\t\t\t\t<\/a>\t\t\n<style>\n#image_1442193436 {\n  width: 100%;\n}\n<\/style>\n\t<\/div>\n\t\n\t<div id=\"text-765576095\" class=\"text\">\n\t\t\n<h3 style=\"text-align: center;\"><span style=\"font-family: verdana, geneva, sans-serif; color: #00aae7;\"><strong>\u0110\u0103ng K\u00fd \u0111\u0103ng nh\u1eadp \u2013 B\u1eaft \u0110\u1ea7u Ngay Ch\u1ec9 Trong 30 Gi\u00e2y<\/strong><\/span><\/h3>\n<p><span style=\"font-family: verdana, geneva, sans-serif;\"><strong>PS99<\/strong> \u0111\u0103ng k\u00fd t\u00e0i kho\u1ea3n c\u1ef1c k\u1ef3 \u0111\u01a1n gi\u1ea3n: ch\u1ec9 c\u1ea7n s\u1ed1 \u0111i\u1ec7n tho\u1ea1i, m\u1eadt kh\u1ea9u v\u00e0 m\u00e3 x\u00e1c nh\u1eadn. Sau \u0111\u00f3, b\u1ea1n c\u00f3 th\u1ec3 \u0111\u0103ng nh\u1eadp\u00a0 v\u00e0 tr\u1ea3i nghi\u1ec7m to\u00e0n b\u1ed9 h\u1ec7 th\u1ed1ng tr\u00f2 ch\u01a1i v\u00e0 ch\u01b0\u01a1ng tr\u00ecnh khuy\u1ebfn m\u00e3i.<\/span><\/p>\n\t\t\n<style>\n#text-765576095 {\n  color: rgb(0,0,0);\n}\n#text-765576095 > * {\n  color: rgb(0,0,0);\n}\n<\/style>\n\t<\/div>\n\t\n\t\t<\/div>\n\t\t\t\t\t<\/div>\n\n\t\n\n\t<div id=\"col-856276321\" class=\"col medium-4 small-12 large-4\"  >\n\t\t\t\t<div class=\"col-inner\"  >\n\t\t\t\n\t\t\t\n\t<div class=\"img has-hover x md-x lg-x y md-y lg-y\" id=\"image_589334367\">\n\t\t<a class=\"\" href=\"https:\/\/ps99.vin\/qc\/2\" target=\"_blank\" rel=\"noopener\">\t\t\t\t\t\t<div class=\"img-inner dark\" >\n\t\t\t<img loading=\"lazy\" decoding=\"async\" width=\"1920\" height=\"600\" src=\"https:\/\/ps99.vin\/wp-content\/uploads\/2025\/12\/ps99-nap.webp\" class=\"attachment-original size-original\" alt=\"\" srcset=\"https:\/\/ps99.vin\/wp-content\/uploads\/2025\/12\/ps99-nap.webp 1920w, https:\/\/ps99.vin\/wp-content\/uploads\/2025\/12\/ps99-nap-300x94.webp 300w, https:\/\/ps99.vin\/wp-content\/uploads\/2025\/12\/ps99-nap-1024x320.webp 1024w, https:\/\/ps99.vin\/wp-content\/uploads\/2025\/12\/ps99-nap-768x240.webp 768w, https:\/\/ps99.vin\/wp-content\/uploads\/2025\/12\/ps99-nap-1536x480.webp 1536w\" sizes=\"auto, (max-width: 1920px) 100vw, 1920px\" \/>\t\t\t\t\t\t\n\t\t\t\t\t<\/div>\n\t\t\t\t\t\t<\/a>\t\t\n<style>\n#image_589334367 {\n  width: 100%;\n}\n<\/style>\n\t<\/div>\n\t\n\t<div id=\"text-1983498033\" class=\"text\">\n\t\t\n<h3 style=\"text-align: center;\"><span style=\"font-family: verdana, geneva, sans-serif; color: #00aae7;\"><strong>Ph\u01b0\u01a1ng Th\u1ee9c Giao D\u1ecbch Si\u00eau T\u1ed1c V\u00e0 An To\u00e0n<\/strong><\/span><\/h3>\n<p><span style=\"font-family: verdana, geneva, sans-serif;\"><b>PS99 <\/b>h\u1ec7 th\u1ed1ng li\u00ean k\u1ebft \u0111a d\u1ea1ng t\u1ea5t c\u1ea3 ph\u01b0\u01a1ng th\u1ee9c thanh to\u00e1n nhanh ch\u00f3ng ,h\u1ea1n m\u1ee9c r\u00fat ti\u1ec1n cao v\u00e0 an to\u00e0n. \u0110\u1ec3 ng\u01b0\u1eddi d\u00f9ng c\u00f3 th\u1ec3 tr\u1ea3i nghi\u1ec7m \u0111\u01b0\u1ee3c ch\u1ea5t l\u01b0\u1ee3ng d\u1ecbch v\u1ee5 chuy\u00ean nghi\u1ec7p nh\u1ea5t<\/span><\/p>\n\t\t\n<style>\n#text-1983498033 {\n  color: rgb(0,0,0);\n}\n#text-1983498033 > * {\n  color: rgb(0,0,0);\n}\n<\/style>\n\t<\/div>\n\t\n\t\t<\/div>\n\t\t\t\t\t<\/div>\n\n\t\n\n\t<div id=\"col-1994695703\" class=\"col medium-4 small-12 large-4\"  >\n\t\t\t\t<div class=\"col-inner\"  >\n\t\t\t\n\t\t\t\n\t<div class=\"img has-hover x md-x lg-x y md-y lg-y\" id=\"image_1584516859\">\n\t\t<a class=\"\" href=\"https:\/\/ps99.vin\/qc\/2\" target=\"_blank\" rel=\"noopener\">\t\t\t\t\t\t<div class=\"img-inner dark\" >\n\t\t\t<img loading=\"lazy\" decoding=\"async\" width=\"1920\" height=\"600\" src=\"https:\/\/ps99.vin\/wp-content\/uploads\/2025\/12\/ps99-tt.webp\" class=\"attachment-original size-original\" alt=\"PS99\" srcset=\"https:\/\/ps99.vin\/wp-content\/uploads\/2025\/12\/ps99-tt.webp 1920w, https:\/\/ps99.vin\/wp-content\/uploads\/2025\/12\/ps99-tt-300x94.webp 300w, https:\/\/ps99.vin\/wp-content\/uploads\/2025\/12\/ps99-tt-1024x320.webp 1024w, https:\/\/ps99.vin\/wp-content\/uploads\/2025\/12\/ps99-tt-768x240.webp 768w, https:\/\/ps99.vin\/wp-content\/uploads\/2025\/12\/ps99-tt-1536x480.webp 1536w\" sizes=\"auto, (max-width: 1920px) 100vw, 1920px\" \/>\t\t\t\t\t\t\n\t\t\t\t\t<\/div>\n\t\t\t\t\t\t<\/a>\t\t\n<style>\n#image_1584516859 {\n  width: 100%;\n}\n<\/style>\n\t<\/div>\n\t\n\t<div id=\"text-2589103715\" class=\"text\">\n\t\t\n<h3 style=\"text-align: center;\" data-start=\"50\" data-end=\"332\"><span style=\"font-family: verdana, geneva, sans-serif; color: #00aae7;\"><strong>\u0110\u1ed9i ng\u0169 h\u1ed7 tr\u1ee3 ch\u0103m s\u00f3c kh\u00e1ch h\u00e0ng 24\/7<\/strong><\/span><\/h3>\n<p><span style=\"font-family: verdana, geneva, sans-serif;\"><b>PS99 <\/b>lu\u00f4n ch\u00fa tr\u1ecdng v\u00e0o kh\u00e1ch h\u00e0ng n\u00ean ch\u00fang t\u00f4i \u0111\u00e3 chu\u1ea9n b\u1ecb ri\u00eang cho kh\u00e1ch h\u00e0ng m\u1ed9t \u0111\u1ed9i ng\u1ee7 h\u1ed7 tr\u1ee3, ch\u0103m s\u00f3c kh\u00e1ch h\u00e0ng ph\u1ee5c v\u1ee5 ch\u00fa \u0111\u00e1o v\u00e0 lu\u00f4n tr\u1ef1c tuy\u1ebfn 24\/7. \u0110\u1ec3 \u0111\u1ea3o b\u1ea3o c\u00e1c y\u00eau c\u1ea7u c\u1ee7a kh\u00e1c h\u00e0ng lu\u00f4n \u0111\u01b0\u1ee3c h\u1ed7 tr\u1ee3 gi\u1ea3i \u0111\u00e1p k\u1ecbp th\u1eddi, t\u1eadn t\u00e2m, nhanh ch\u00f3ng v\u00e0 ch\u1ea5t l\u01b0\u1ee3ng<\/span><\/p>\n\t\t\n<style>\n#text-2589103715 {\n  color: rgb(0,0,0);\n}\n#text-2589103715 > * {\n  color: rgb(0,0,0);\n}\n<\/style>\n\t<\/div>\n\t\n\t\t<\/div>\n\t\t\t\t\t<\/div>\n\n\t\n<\/div>\n\t\t<\/div>\n\t\t\t\t\t<\/div>\n\n\t\n<\/div>\n","protected":false},"excerpt":{"rendered":"","protected":false},"author":1,"featured_media":6,"parent":0,"menu_order":0,"comment_status":"closed","ping_status":"closed","template":"","meta":{"footnotes":""},"class_list":["post-26","page","type-page","status-publish","has-post-thumbnail","hentry"],"_links":{"self":[{"href":"https:\/\/ps99.vin\/index.php?rest_route=\/wp\/v2\/pages\/26","targetHints":{"allow":["GET"]}}],"collection":[{"href":"https:\/\/ps99.vin\/index.php?rest_route=\/wp\/v2\/pages"}],"about":[{"href":"https:\/\/ps99.vin\/index.php?rest_route=\/wp\/v2\/types\/page"}],"author":[{"embeddable":true,"href":"https:\/\/ps99.vin\/index.php?rest_route=\/wp\/v2\/users\/1"}],"replies":[{"embeddable":true,"href":"https:\/\/ps99.vin\/index.php?rest_route=%2Fwp%2Fv2%2Fcomments&post=26"}],"version-history":[{"count":9,"href":"https:\/\/ps99.vin\/index.php?rest_route=\/wp\/v2\/pages\/26\/revisions"}],"predecessor-version":[{"id":54,"href":"https:\/\/ps99.vin\/index.php?rest_route=\/wp\/v2\/pages\/26\/revisions\/54"}],"wp:featuredmedia":[{"embeddable":true,"href":"https:\/\/ps99.vin\/index.php?rest_route=\/wp\/v2\/media\/6"}],"wp:attachment":[{"href":"https:\/\/ps99.vin\/index.php?rest_route=%2Fwp%2Fv2%2Fmedia&parent=26"}],"curies":[{"name":"wp","href":"https:\/\/api.w.org\/{rel}","templated":true}]}}